{"id":164,"date":"2025-12-16T23:33:33","date_gmt":"2025-12-16T23:33:33","guid":{"rendered":"https:\/\/jcac-cm.org\/?page_id=164"},"modified":"2026-01-05T10:33:45","modified_gmt":"2026-01-05T10:33:45","slug":"notre-equipe","status":"publish","type":"page","link":"https:\/\/jcac-cm.org\/en\/notre-equipe\/","title":{"rendered":"Our Team"},"content":{"rendered":"<div data-elementor-type=\"wp-page\" data-elementor-id=\"164\" class=\"elementor elementor-164\" data-elementor-settings=\"{&quot;element_pack_global_tooltip_width&quot;:{&quot;unit&quot;:&quot;px&quot;,&quot;size&quot;:&quot;&quot;,&quot;sizes&quot;:[]},&quot;element_pack_global_tooltip_width_tablet&quot;:{&quot;unit&quot;:&quot;px&quot;,&quot;size&quot;:&quot;&quot;,&quot;sizes&quot;:[]},&quot;element_pack_global_tooltip_width_mobile&quot;:{&quot;unit&quot;:&quot;px&quot;,&quot;size&quot;:&quot;&quot;,&quot;sizes&quot;:[]},&quot;element_pack_global_tooltip_padding&quot;:{&quot;unit&quot;:&quot;px&quot;,&quot;top&quot;:&quot;&quot;,&quot;right&quot;:&quot;&quot;,&quot;bottom&quot;:&quot;&quot;,&quot;left&quot;:&quot;&quot;,&quot;isLinked&quot;:true},&quot;element_pack_global_tooltip_padding_tablet&quot;:{&quot;unit&quot;:&quot;px&quot;,&quot;top&quot;:&quot;&quot;,&quot;right&quot;:&quot;&quot;,&quot;bottom&quot;:&quot;&quot;,&quot;left&quot;:&quot;&quot;,&quot;isLinked&quot;:true},&quot;element_pack_global_tooltip_padding_mobile&quot;:{&quot;unit&quot;:&quot;px&quot;,&quot;top&quot;:&quot;&quot;,&quot;right&quot;:&quot;&quot;,&quot;bottom&quot;:&quot;&quot;,&quot;left&quot;:&quot;&quot;,&quot;isLinked&quot;:true},&quot;element_pack_global_tooltip_border_radius&quot;:{&quot;unit&quot;:&quot;px&quot;,&quot;top&quot;:&quot;&quot;,&quot;right&quot;:&quot;&quot;,&quot;bottom&quot;:&quot;&quot;,&quot;left&quot;:&quot;&quot;,&quot;isLinked&quot;:true},&quot;element_pack_global_tooltip_border_radius_tablet&quot;:{&quot;unit&quot;:&quot;px&quot;,&quot;top&quot;:&quot;&quot;,&quot;right&quot;:&quot;&quot;,&quot;bottom&quot;:&quot;&quot;,&quot;left&quot;:&quot;&quot;,&quot;isLinked&quot;:true},&quot;element_pack_global_tooltip_border_radius_mobile&quot;:{&quot;unit&quot;:&quot;px&quot;,&quot;top&quot;:&quot;&quot;,&quot;right&quot;:&quot;&quot;,&quot;bottom&quot;:&quot;&quot;,&quot;left&quot;:&quot;&quot;,&quot;isLinked&quot;:true}}\" data-elementor-post-type=\"page\">\n\t\t\t\t\t\t<div class=\"elementor-section elementor-top-section elementor-element elementor-element-42522f87 elementor-section-boxed elementor-section-height-default elementor-section-height-default\" data-id=\"42522f87\" data-element_type=\"section\" data-settings=\"{&quot;background_background&quot;:&quot;slideshow&quot;,&quot;background_slideshow_gallery&quot;:[{&quot;id&quot;:534,&quot;url&quot;:&quot;https:\\\/\\\/jcac-cm.org\\\/wp-content\\\/uploads\\\/2026\\\/01\\\/word_media_image52.jpeg&quot;},{&quot;id&quot;:535,&quot;url&quot;:&quot;https:\\\/\\\/jcac-cm.org\\\/wp-content\\\/uploads\\\/2026\\\/01\\\/word_media_image104.jpeg&quot;}],&quot;background_slideshow_transition_duration&quot;:1000,&quot;background_slideshow_ken_burns&quot;:&quot;yes&quot;,&quot;background_slideshow_loop&quot;:&quot;yes&quot;,&quot;background_slideshow_slide_duration&quot;:5000,&quot;background_slideshow_slide_transition&quot;:&quot;fade&quot;,&quot;background_slideshow_ken_burns_zoom_direction&quot;:&quot;in&quot;}\">\n\t\t\t\t\t\t\t<div class=\"elementor-background-overlay\"><\/div>\n\t\t\t\t\t\t\t<div class=\"elementor-container elementor-column-gap-default\">\n\t\t\t\t\t<div class=\"elementor-column elementor-col-100 elementor-top-column elementor-element elementor-element-1836db69 elementor-invisible\" data-id=\"1836db69\" data-element_type=\"column\" data-settings=\"{&quot;animation&quot;:&quot;fadeIn&quot;}\">\n\t\t\t<div class=\"elementor-widget-wrap elementor-element-populated\">\n\t\t\t\t\t\t<div class=\"elementor-element elementor-element-6d45d4d4 elementor-widget elementor-widget-heading\" data-id=\"6d45d4d4\" data-element_type=\"widget\" data-widget_type=\"heading.default\">\n\t\t\t\t\t<h1 class=\"elementor-heading-title elementor-size-default\">Tous pour un avenir durable, paisible et prosp\u00e8re<\/h1>\t\t\t\t<\/div>\n\t\t\t\t\t<\/div>\n\t\t<\/div>\n\t\t\t\t\t<\/div>\n\t\t<\/div>\n\t\t\t\t<div class=\"elementor-section elementor-top-section elementor-element elementor-element-67331322 elementor-section-boxed elementor-section-height-default elementor-section-height-default\" data-id=\"67331322\" data-element_type=\"section\" data-settings=\"{&quot;background_background&quot;:&quot;classic&quot;}\">\n\t\t\t\t\t\t<div class=\"elementor-container elementor-column-gap-narrow\">\n\t\t\t\t\t<div class=\"elementor-column elementor-col-100 elementor-top-column elementor-element elementor-element-1b9e2952\" data-id=\"1b9e2952\" data-element_type=\"column\">\n\t\t\t<div class=\"elementor-widget-wrap elementor-element-populated\">\n\t\t\t\t\t\t<div class=\"elementor-element elementor-element-2cbbdbf0 elementor-widget elementor-widget-heading\" data-id=\"2cbbdbf0\" data-element_type=\"widget\" data-widget_type=\"heading.default\">\n\t\t\t\t\t<h2 class=\"elementor-heading-title elementor-size-default\">Our Team<\/h2>\t\t\t\t<\/div>\n\t\t\t\t<div class=\"elementor-element elementor-element-e7b15ce elementor-widget-divider--view-line elementor-widget elementor-widget-divider\" data-id=\"e7b15ce\" data-element_type=\"widget\" data-widget_type=\"divider.default\">\n\t\t\t\t\t\t\t<div class=\"elementor-divider\">\n\t\t\t<span class=\"elementor-divider-separator\">\n\t\t\t\t\t\t<\/span>\n\t\t<\/div>\n\t\t\t\t\t\t<\/div>\n\t\t\t\t<section class=\"elementor-section elementor-inner-section elementor-element elementor-element-caa4688 elementor-section-full_width elementor-section-height-default elementor-section-height-default\" data-id=\"caa4688\" data-element_type=\"section\">\n\t\t\t\t\t\t<div class=\"elementor-container elementor-column-gap-default\">\n\t\t\t\t\t<div class=\"elementor-column elementor-col-100 elementor-inner-column elementor-element elementor-element-286194f\" data-id=\"286194f\" data-element_type=\"column\">\n\t\t\t<div class=\"elementor-widget-wrap elementor-element-populated\">\n\t\t\t\t\t\t<div class=\"elementor-element elementor-element-db359e7 bdt-icon-type-image elementor-position-left elementor-vertical-align-middle bdt-icon-effect-none elementor-widget elementor-widget-bdt-advanced-icon-box\" data-id=\"db359e7\" data-element_type=\"widget\" data-widget_type=\"bdt-advanced-icon-box.default\">\n\t\t\t\t\t\t\t<div class=\"bdt-ep-advanced-icon-box\">\n\n\t\t\t\t\t\t\t\n\t\t\t\t\t<div class=\"bdt-ep-advanced-icon-box-icon\">\n\t\t\t\t<span class=\"bdt-ep-advanced-icon-box-icon-wrap\">\n\n\n\t\t\t\t\t<img fetchpriority=\"high\" decoding=\"async\" width=\"618\" height=\"874\" src=\"https:\/\/jcac-cm.org\/wp-content\/uploads\/2026\/01\/7d0a9d06-89fe-4bb4-bef6-9f147cece7d9.jpg\" class=\"attachment-full size-full\" alt=\"NGONO Alain\" srcset=\"https:\/\/jcac-cm.org\/wp-content\/uploads\/2026\/01\/7d0a9d06-89fe-4bb4-bef6-9f147cece7d9.jpg 618w, https:\/\/jcac-cm.org\/wp-content\/uploads\/2026\/01\/7d0a9d06-89fe-4bb4-bef6-9f147cece7d9-212x300.jpg 212w, https:\/\/jcac-cm.org\/wp-content\/uploads\/2026\/01\/7d0a9d06-89fe-4bb4-bef6-9f147cece7d9-460x650.jpg 460w\" sizes=\"(max-width: 618px) 100vw, 618px\" \/>\t\t\t\t<\/span>\n\t\t\t<\/div>\n\t\t\n\t\t\t\t\n\t\t\t<div class=\"bdt-ep-advanced-icon-box-content\">\n\n\t\t\t\t\t\t\t\t\t\n\t\t\t\t\t<h3 class=\"bdt-ep-advanced-icon-box-title ep-title-\">\n\t\t\t\t<span >\n\t\t\t\t\tNGONO Alain\t\t\t\t<\/span>\n\t\t\t<\/h3>\n\t\t\n\n\t\t\t\t\t<div class=\"bdt-ep-advanced-icon-box-sub-title\">\n\t\t\t\tPr\u00e9sident\t\t\t<\/div>\n\t\t\n\t\t\t\t\t\n\t\t\t\t\n\t\t\t\t\t\t\t\t\t<div class=\"bdt-ep-advanced-icon-box-description\">\n\t\t\t\t\t\t<p>Alain NGONO est un sp\u00e9cialiste de la communication et des langues avec plus de 15 ans d\u2019exp\u00e9rience \u00e0 l\u2019\u00e9chelle continentale aupr\u00e8s des organisations telles que l\u2019Union africaine, les Nations Unies et d\u2019autres multinationales. Il a toujours \u00e9t\u00e9 passionn\u00e9 par les questions de justice sociale et climatique. Apr\u00e8s avoir jou\u00e9 un r\u00f4le de premier plan dans le leadership estudiantin et au sein de la soci\u00e9t\u00e9 civile au d\u00e9but des ann\u00e9es 2000 au Cameroun \u00e0 travers <a href=\"https:\/\/fr.wikipedia.org\/wiki\/Association_pour_la_d%C3%A9fense_des_droits_des_%C3%A9tudiants_du_Cameroun#:~:text=L'Association%20pour%20la%20d%C3%A9fense,l'Universit%C3%A9%20de%20Yaound%C3%A9%201.\">l\u2019Association pour la D\u00e9fense des Droits des Etudiants du Cameroun (ADDEC)<\/a>, le <a href=\"https:\/\/www.academia.edu\/33634582\/2010_M2Pdaps_Sciences_Po_Bordeaux_Analyse_du_rapport_au_politique_de_l_institution_universitaire_camerounaise_et_du_passage_au_politique_de_lAddec_Association_pour_la_D%C3%A9fense_des_Droits_des_%C3%89tudiants_du_Cameroun_\">Conseil patriotique et populaire pour la jeunesse (CPPJ)<\/a> oppos\u00e9 \u00e0 la modification de la constitution et le <a href=\"https:\/\/fr.allafrica.com\/stories\/200806180510.html\">Collectif Main Tendue<\/a> pour la lib\u00e9ration des jeunes emprisonn\u00e9s lors des \u00e9v\u00e9nements de 2008, il a plus tard cr\u00e9\u00e9 une <a href=\"https:\/\/web.facebook.com\/profile.php?id=100067437585787\">plateforme sur Facebook pour lutter contre la pollution environnementale dans les plantations de Njombe Penja et la d\u00e9fense des droits des ouvriers agricoles<\/a>.<\/p><p>En expatriation au Kenya, il a \u00e9t\u00e9 pendant 5 ans Secr\u00e9taire G\u00e9n\u00e9ral de la <a href=\"https:\/\/web.facebook.com\/Cameroonnairobi\/?_rdc=1&amp;_rdr\">Communaut\u00e9 des Camerounais vivant \u00e0 Nairobi au Kenya<\/a>. En tant qu\u2019entrepreneur, il est cofondateur et PDG de l\u2019agence de traduction et de communication, <a href=\"https:\/\/pamojalingo.com\/\">Pamoja Lingo &amp; Comms<\/a>, bas\u00e9e \u00e0 Nairobi, Yaound\u00e9, Abidjan et Windhoek.<\/p><p>Alain Ngono est le produit des universit\u00e9s de Yaound\u00e9 I, Daystar University (Kenya) et du Manitoba (Canada). Il a v\u00e9cu et ou visit\u00e9 une vingtaine de pays africains et se passionne pour les questions de panafricanisme. Il fait partie du <a href=\"https:\/\/www.thomassankara.net\/26-years-ago-thomas-sankara-was-assassinated-circumstances-yet-to-be-clarified-but-an-ever-growing-popularity\/?lang=en\">r\u00e9seau international Justice pour Sankara<\/a> constitu\u00e9 pour mener campagne en faveur de la manifestation de la v\u00e9rit\u00e9 sur son assassinat et les poursuites contre les auteurs.<\/p><p>Il \u00e9crit r\u00e9guli\u00e8rement des tribunes dans les m\u00e9dias camerounais et <a href=\"https:\/\/www.jeuneafrique.com\/1349657\/politique\/journee-de-lunion-africaine-que-reste-t-il-du-reve-des-peres-fondateurs\/\">africains<\/a> et est l\u2019un des contributeurs dans l\u2019ouvrage collectif <a href=\"https:\/\/www.amazon.fr\/Remember-Um-Nyobe-Resistance-nationalisme-Memoire\/dp\/9956552518\"><em>Remember Um Nyobe: Resistance-nationalisme Et Memoire<\/em><\/a>.<\/p>\t\t\t\t\t<\/div>\n\t\t\t\t\n\t\t\t\t\t\t\t<\/div>\n\t\t<\/div>\n\n\t\t\n\t\t\n\t\t\t\t<\/div>\n\t\t\t\t<div class=\"elementor-element elementor-element-7b0c3d6 bdt-icon-type-image elementor-position-left elementor-vertical-align-middle bdt-icon-effect-none elementor-widget elementor-widget-bdt-advanced-icon-box\" data-id=\"7b0c3d6\" data-element_type=\"widget\" data-widget_type=\"bdt-advanced-icon-box.default\">\n\t\t\t\t\t\t\t<div class=\"bdt-ep-advanced-icon-box\">\n\n\t\t\t\t\t\t\t\n\t\t\t\t\t<div class=\"bdt-ep-advanced-icon-box-icon\">\n\t\t\t\t<span class=\"bdt-ep-advanced-icon-box-icon-wrap\">\n\n\n\t\t\t\t\t<img decoding=\"async\" width=\"810\" height=\"1080\" src=\"https:\/\/jcac-cm.org\/wp-content\/uploads\/2026\/01\/9df3b184-7970-4d50-aa34-77948b3f9478.jpg\" class=\"attachment-full size-full\" alt=\"ABENA Jo\u00ebl Yves Bertrand\" srcset=\"https:\/\/jcac-cm.org\/wp-content\/uploads\/2026\/01\/9df3b184-7970-4d50-aa34-77948b3f9478.jpg 810w, https:\/\/jcac-cm.org\/wp-content\/uploads\/2026\/01\/9df3b184-7970-4d50-aa34-77948b3f9478-225x300.jpg 225w, https:\/\/jcac-cm.org\/wp-content\/uploads\/2026\/01\/9df3b184-7970-4d50-aa34-77948b3f9478-768x1024.jpg 768w, https:\/\/jcac-cm.org\/wp-content\/uploads\/2026\/01\/9df3b184-7970-4d50-aa34-77948b3f9478-488x650.jpg 488w\" sizes=\"(max-width: 810px) 100vw, 810px\" \/>\t\t\t\t<\/span>\n\t\t\t<\/div>\n\t\t\n\t\t\t\t\n\t\t\t<div class=\"bdt-ep-advanced-icon-box-content\">\n\n\t\t\t\t\t\t\t\t\t\n\t\t\t\t\t<h3 class=\"bdt-ep-advanced-icon-box-title ep-title-\">\n\t\t\t\t<span >\n\t\t\t\t\tABENA Jo\u00ebl Yves Bertrand\t\t\t\t<\/span>\n\t\t\t<\/h3>\n\t\t\n\n\t\t\t\t\t<div class=\"bdt-ep-advanced-icon-box-sub-title\">\n\t\t\t\tSecr\u00e9taire g\u00e9n\u00e9ral\t\t\t<\/div>\n\t\t\n\t\t\t\t\t\n\t\t\t\t\n\t\t\t\t\t\t\t\t\t<div class=\"bdt-ep-advanced-icon-box-description\">\n\t\t\t\t\t\t<p>Jo\u00ebl Yves Bertrand ABENA est un juriste form\u00e9 \u00e0 l&rsquo;Universit\u00e9 de Yaound\u00e9 2, SOA. Il s&rsquo;est beaucoup sp\u00e9cialis\u00e9 dans la fiscalit\u00e9 locale en droite ligne avec la mise en \u0153uvre en cours de la d\u00e9centralisation au Cameroun. En partenariat avec plusieurs mairies de la ville de Yaound\u00e9, il a travaill\u00e9 \u00e0 l\u2019\u00e9laboration des strat\u00e9gies de sensibilisation des contribuables aux modalit\u00e9s de recouvrement et aux diff\u00e9rents types d&rsquo;imp\u00f4ts auxquels ils sont assujettis. Jo\u00ebl ABENA est issu de l\u2019arrondissement de Lobo. Il est int\u00e8gre, travailleur, aime les d\u00e9couvertes et les voyages<\/p>\t\t\t\t\t<\/div>\n\t\t\t\t\n\t\t\t\t\t\t\t<\/div>\n\t\t<\/div>\n\n\t\t\n\t\t\n\t\t\t\t<\/div>\n\t\t\t\t<div class=\"elementor-element elementor-element-bf2749a bdt-icon-type-image elementor-position-left elementor-vertical-align-middle bdt-icon-effect-none elementor-widget elementor-widget-bdt-advanced-icon-box\" data-id=\"bf2749a\" data-element_type=\"widget\" data-widget_type=\"bdt-advanced-icon-box.default\">\n\t\t\t\t\t\t\t<div class=\"bdt-ep-advanced-icon-box\">\n\n\t\t\t\t\t\t\t\n\t\t\t\t\t<div class=\"bdt-ep-advanced-icon-box-icon\">\n\t\t\t\t<span class=\"bdt-ep-advanced-icon-box-icon-wrap\">\n\n\n\t\t\t\t\t<img decoding=\"async\" width=\"810\" height=\"1080\" src=\"https:\/\/jcac-cm.org\/wp-content\/uploads\/2026\/01\/d312affa-3cba-4f4f-8702-2ff0eec0335c.jpg\" class=\"attachment-full size-full\" alt=\"NDOMO NDOMO Jean Bedel\" srcset=\"https:\/\/jcac-cm.org\/wp-content\/uploads\/2026\/01\/d312affa-3cba-4f4f-8702-2ff0eec0335c.jpg 810w, https:\/\/jcac-cm.org\/wp-content\/uploads\/2026\/01\/d312affa-3cba-4f4f-8702-2ff0eec0335c-225x300.jpg 225w, https:\/\/jcac-cm.org\/wp-content\/uploads\/2026\/01\/d312affa-3cba-4f4f-8702-2ff0eec0335c-768x1024.jpg 768w, https:\/\/jcac-cm.org\/wp-content\/uploads\/2026\/01\/d312affa-3cba-4f4f-8702-2ff0eec0335c-488x650.jpg 488w\" sizes=\"(max-width: 810px) 100vw, 810px\" \/>\t\t\t\t<\/span>\n\t\t\t<\/div>\n\t\t\n\t\t\t\t\n\t\t\t<div class=\"bdt-ep-advanced-icon-box-content\">\n\n\t\t\t\t\t\t\t\t\t\n\t\t\t\t\t<h3 class=\"bdt-ep-advanced-icon-box-title ep-title-\">\n\t\t\t\t<span >\n\t\t\t\t\tNDOMO NDOMO Jean Bedel\t\t\t\t<\/span>\n\t\t\t<\/h3>\n\t\t\n\n\t\t\t\t\t<div class=\"bdt-ep-advanced-icon-box-sub-title\">\n\t\t\t\tCommissaire aux comptes\t\t\t<\/div>\n\t\t\n\t\t\t\t\t\n\t\t\t\t\n\t\t\t\t\t\t\t\t\t<div class=\"bdt-ep-advanced-icon-box-description\">\n\t\t\t\t\t\t<p>Jean Bedel NDOMO NDOMO est un expert des questions de la francophonie avec une focalisation sur la coop\u00e9ration d\u00e9centralis\u00e9e, la gouvernance et la gestion des finances locales. Il est parall\u00e8lement titulaire d\u2019un master 1 en Histoire option relations internationales et est dipl\u00f4m\u00e9 de l\u2019Universit\u00e9 de Lyon 3 en France. Il a \u00e9t\u00e9 tour \u00e0 tour stagiaire professionnel au Programme de Gouvernance Urbaine (PGU) du Minist\u00e8re de l\u2019Habitat et du D\u00e9veloppement urbain et au Bureau Cameroun de l\u2019ONU-Habitat. Bedel NDOMO a effectu\u00e9 plusieurs travaux dans le cadre des projets men\u00e9s dans les structures sus-\u00e9voqu\u00e9es, ce qui a renforc\u00e9 sa compr\u00e9hension des enjeux li\u00e9s au d\u00e9veloppement local et durable. Jean Bedel nourrit une passion pour les questions telles que la biodiversit\u00e9, la pr\u00e9vention, la gestion et le r\u00e8glement des conflits<\/p>\t\t\t\t\t<\/div>\n\t\t\t\t\n\t\t\t\t\t\t\t<\/div>\n\t\t<\/div>\n\n\t\t\n\t\t\n\t\t\t\t<\/div>\n\t\t\t\t<div class=\"elementor-element elementor-element-8a08fd7 bdt-icon-type-image elementor-position-left elementor-vertical-align-middle bdt-icon-effect-none elementor-widget elementor-widget-bdt-advanced-icon-box\" data-id=\"8a08fd7\" data-element_type=\"widget\" data-widget_type=\"bdt-advanced-icon-box.default\">\n\t\t\t\t\t\t\t<div class=\"bdt-ep-advanced-icon-box\">\n\n\t\t\t\t\t\t\t\n\t\t\t\t\t<div class=\"bdt-ep-advanced-icon-box-icon\">\n\t\t\t\t<span class=\"bdt-ep-advanced-icon-box-icon-wrap\">\n\n\n\t\t\t\t\t<img loading=\"lazy\" decoding=\"async\" width=\"900\" height=\"1190\" src=\"https:\/\/jcac-cm.org\/wp-content\/uploads\/2026\/01\/e8027a2e-6e40-4ee8-9b09-65a44db223d3.png.jpg\" class=\"attachment-full size-full\" alt=\"TSIMI MMALA Patrick Odilon\" srcset=\"https:\/\/jcac-cm.org\/wp-content\/uploads\/2026\/01\/e8027a2e-6e40-4ee8-9b09-65a44db223d3.png.jpg 900w, https:\/\/jcac-cm.org\/wp-content\/uploads\/2026\/01\/e8027a2e-6e40-4ee8-9b09-65a44db223d3.png-227x300.jpg 227w, https:\/\/jcac-cm.org\/wp-content\/uploads\/2026\/01\/e8027a2e-6e40-4ee8-9b09-65a44db223d3.png-774x1024.jpg 774w, https:\/\/jcac-cm.org\/wp-content\/uploads\/2026\/01\/e8027a2e-6e40-4ee8-9b09-65a44db223d3.png-768x1015.jpg 768w, https:\/\/jcac-cm.org\/wp-content\/uploads\/2026\/01\/e8027a2e-6e40-4ee8-9b09-65a44db223d3.png-492x650.jpg 492w\" sizes=\"(max-width: 900px) 100vw, 900px\" \/>\t\t\t\t<\/span>\n\t\t\t<\/div>\n\t\t\n\t\t\t\t\n\t\t\t<div class=\"bdt-ep-advanced-icon-box-content\">\n\n\t\t\t\t\t\t\t\t\t\n\t\t\t\t\t<h3 class=\"bdt-ep-advanced-icon-box-title ep-title-\">\n\t\t\t\t<span >\n\t\t\t\t\tTSIMI MMALA Patrick Odilon\t\t\t\t<\/span>\n\t\t\t<\/h3>\n\t\t\n\n\t\t\t\t\t<div class=\"bdt-ep-advanced-icon-box-sub-title\">\n\t\t\t\tCenseur\t\t\t<\/div>\n\t\t\n\t\t\t\t\t\n\t\t\t\t\n\t\t\t\t\t\t\t\t\t<div class=\"bdt-ep-advanced-icon-box-description\">\n\t\t\t\t\t\t<p>Tsimi Mmala est un ing\u00e9nieur agronome form\u00e9 \u00e0 l\u2019Universit\u00e9 de Yaound\u00e9 I o\u00f9 il a obtenu un master professionnel en technologie des semences et un autre en biotechnologie v\u00e9g\u00e9tale. Il se sp\u00e9cialise sur la culture des c\u00e9r\u00e9ales, notamment le bl\u00e9, le tournesol et l\u2019Artemisia.<\/p>\t\t\t\t\t<\/div>\n\t\t\t\t\n\t\t\t\t\t\t\t<\/div>\n\t\t<\/div>\n\n\t\t\n\t\t\n\t\t\t\t<\/div>\n\t\t\t\t<div class=\"elementor-element elementor-element-9955242 bdt-icon-type-image elementor-position-left elementor-vertical-align-middle bdt-icon-effect-none elementor-widget elementor-widget-bdt-advanced-icon-box\" data-id=\"9955242\" data-element_type=\"widget\" data-widget_type=\"bdt-advanced-icon-box.default\">\n\t\t\t\t\t\t\t<div class=\"bdt-ep-advanced-icon-box\">\n\n\t\t\t\t\t\t\t\n\t\t\t\t\t<div class=\"bdt-ep-advanced-icon-box-icon\">\n\t\t\t\t<span class=\"bdt-ep-advanced-icon-box-icon-wrap\">\n\n\n\t\t\t\t\t<img loading=\"lazy\" decoding=\"async\" width=\"469\" height=\"726\" src=\"https:\/\/jcac-cm.org\/wp-content\/uploads\/2026\/01\/word_media_image5.jpeg\" class=\"attachment-full size-full\" alt=\"Gabie NDONKOU\" srcset=\"https:\/\/jcac-cm.org\/wp-content\/uploads\/2026\/01\/word_media_image5.jpeg 469w, https:\/\/jcac-cm.org\/wp-content\/uploads\/2026\/01\/word_media_image5-194x300.jpeg 194w, https:\/\/jcac-cm.org\/wp-content\/uploads\/2026\/01\/word_media_image5-420x650.jpeg 420w\" sizes=\"(max-width: 469px) 100vw, 469px\" \/>\t\t\t\t<\/span>\n\t\t\t<\/div>\n\t\t\n\t\t\t\t\n\t\t\t<div class=\"bdt-ep-advanced-icon-box-content\">\n\n\t\t\t\t\t\t\t\t\t\n\t\t\t\t\t<h3 class=\"bdt-ep-advanced-icon-box-title ep-title-\">\n\t\t\t\t<span >\n\t\t\t\t\tGabie NDONKOU\t\t\t\t<\/span>\n\t\t\t<\/h3>\n\t\t\n\n\t\t\t\t\t<div class=\"bdt-ep-advanced-icon-box-sub-title\">\n\t\t\t\tTr\u00e9sori\u00e8re\t\t\t<\/div>\n\t\t\n\t\t\t\t\t\n\t\t\t\t\n\t\t\t\t\t\t\t\t\t<div class=\"bdt-ep-advanced-icon-box-description\">\n\t\t\t\t\t\t<p>Gabie NDONKOU est une sp\u00e9cialiste en psychologie sociale form\u00e9e \u00e0 l\u2019Universit\u00e9 de Yaound\u00e9 I o\u00f9 elle a obtenu une licence en Psychologie. Elle poss\u00e8de une forte exp\u00e9rience th\u00e9orique et pratique dans le domaine psychosocial gr\u00e2ce \u00e0 plusieurs ann\u00e9es dans les projets communautaires d\u2019appui psychosocial et th\u00e9rapeutique en direction des groupes les plus vuln\u00e9rables, notamment les femmes et les enfants victimes des violences ou vivant avec le VIH. Gabie aime la musique, la lecture et le tourisme<\/p>\t\t\t\t\t<\/div>\n\t\t\t\t\n\t\t\t\t\t\t\t<\/div>\n\t\t<\/div>\n\n\t\t\n\t\t\n\t\t\t\t<\/div>\n\t\t\t\t\t<\/div>\n\t\t<\/div>\n\t\t\t\t\t<\/div>\n\t\t<\/section>\n\t\t\t\t\t<\/div>\n\t\t<\/div>\n\t\t\t\t\t<\/div>\n\t\t<\/div>\n\t\t\t\t<\/div>","protected":false},"excerpt":{"rendered":"<p>Tous pour un avenir durable, paisible et prosp\u00e8re Notre \u00c9quipe NGONO Alain Pr\u00e9sident Alain NGONO est un sp\u00e9cialiste de la communication et [&hellip;]<\/p>","protected":false},"author":1,"featured_media":0,"parent":0,"menu_order":0,"comment_status":"closed","ping_status":"closed","template":"","meta":{"pagelayer_contact_templates":[],"_pagelayer_content":"","footnotes":""},"class_list":["post-164","page","type-page","status-publish","hentry"],"_links":{"self":[{"href":"https:\/\/jcac-cm.org\/en\/wp-json\/wp\/v2\/pages\/164","targetHints":{"allow":["GET"]}}],"collection":[{"href":"https:\/\/jcac-cm.org\/en\/wp-json\/wp\/v2\/pages"}],"about":[{"href":"https:\/\/jcac-cm.org\/en\/wp-json\/wp\/v2\/types\/page"}],"author":[{"embeddable":true,"href":"https:\/\/jcac-cm.org\/en\/wp-json\/wp\/v2\/users\/1"}],"replies":[{"embeddable":true,"href":"https:\/\/jcac-cm.org\/en\/wp-json\/wp\/v2\/comments?post=164"}],"version-history":[{"count":39,"href":"https:\/\/jcac-cm.org\/en\/wp-json\/wp\/v2\/pages\/164\/revisions"}],"predecessor-version":[{"id":1027,"href":"https:\/\/jcac-cm.org\/en\/wp-json\/wp\/v2\/pages\/164\/revisions\/1027"}],"wp:attachment":[{"href":"https:\/\/jcac-cm.org\/en\/wp-json\/wp\/v2\/media?parent=164"}],"curies":[{"name":"wp","href":"https:\/\/api.w.org\/{rel}","templated":true}]}}